{"id":1493,"date":"2017-03-01T19:50:10","date_gmt":"2017-03-01T17:50:10","guid":{"rendered":"http:\/\/breuer.selfhost.de\/wordpress\/?page_id=1493"},"modified":"2022-09-26T09:07:51","modified_gmt":"2022-09-26T07:07:51","slug":"toernposts-antje","status":"publish","type":"page","link":"http:\/\/www.delphin-66.de\/wordpress\/toern-posts\/toernposts-antje\/","title":{"rendered":"T\u00f6rnberichte &#8222;Antje&#8220;"},"content":{"rendered":"<div id=\"pl-1493\"  class=\"panel-layout\" ><div id=\"pg-1493-0\"  class=\"panel-grid panel-no-style\" ><div id=\"pgc-1493-0-0\"  class=\"panel-grid-cell\" ><div id=\"panel-1493-0-0-0\" class=\"so-panel widget widget_rpwe_widget rpwe_widget recent-posts-extended panel-first-child\" data-index=\"0\" ><h3 class=\"widget-title\">Recent Posts<\/h3><div  class=\"rpwe-block\"><ul class=\"rpwe-ul\"><li class=\"rpwe-li rpwe-clearfix\"><a class=\"rpwe-img\" href=\"http:\/\/www.delphin-66.de\/wordpress\/segeltour-mit-den-enkelkindern\/\" target=\"_self\"><img class=\"rpwe-alignleft rpwe-thumb\" src=\"http:\/\/www.delphin-66.de\/wordpress\/wp-content\/uploads\/52-Wattwanderung-45x45.jpg\" alt=\"Segeltour mit den Enkelkindern\" height=\"45\" width=\"45\" loading=\"lazy\" decoding=\"async\"><\/a><h3 class=\"rpwe-title\"><a href=\"http:\/\/www.delphin-66.de\/wordpress\/segeltour-mit-den-enkelkindern\/\" target=\"_self\">Segeltour mit den Enkelkindern<\/a><\/h3><time class=\"rpwe-time published\" datetime=\"2018-01-16T08:32:00+02:00\">16. Januar 2018<\/time><\/li><li class=\"rpwe-li rpwe-clearfix\"><a class=\"rpwe-img\" href=\"http:\/\/www.delphin-66.de\/wordpress\/sommertour-2017-mit-der-antje\/\" target=\"_self\"><img class=\"rpwe-alignleft rpwe-thumb\" src=\"http:\/\/www.delphin-66.de\/wordpress\/wp-content\/uploads\/08-Fanoe-Hoch-trocken-1-e1512201354847-45x45.jpg\" alt=\"Sommertour 2017 mit der &#8222;Antje&#8220;\" height=\"45\" width=\"45\" loading=\"lazy\" decoding=\"async\"><\/a><h3 class=\"rpwe-title\"><a href=\"http:\/\/www.delphin-66.de\/wordpress\/sommertour-2017-mit-der-antje\/\" target=\"_self\">Sommertour 2017 mit der &#8222;Antje&#8220;<\/a><\/h3><time class=\"rpwe-time published\" datetime=\"2017-12-02T09:57:12+02:00\">2. Dezember 2017<\/time><\/li><li class=\"rpwe-li rpwe-clearfix\"><a class=\"rpwe-img\" href=\"http:\/\/www.delphin-66.de\/wordpress\/eingeweht\/\" target=\"_self\"><img class=\"rpwe-alignleft rpwe-thumb\" src=\"http:\/\/www.delphin-66.de\/wordpress\/wp-content\/uploads\/137-The-Needles-e1488386304947-45x45.jpg\" alt=\"Eingeweht &#8230; oder wie man das sonst so nennt\" height=\"45\" width=\"45\" loading=\"lazy\" decoding=\"async\"><\/a><h3 class=\"rpwe-title\"><a href=\"http:\/\/www.delphin-66.de\/wordpress\/eingeweht\/\" target=\"_self\">Eingeweht &#8230; oder wie man das sonst so nennt<\/a><\/h3><time class=\"rpwe-time published\" datetime=\"2017-03-01T18:39:04+02:00\">1. M\u00e4rz 2017<\/time><\/li><\/ul><\/div><!-- Generated by http:\/\/wordpress.org\/plugins\/recent-posts-widget-extended\/ --><\/div><div id=\"panel-1493-0-0-1\" class=\"so-panel widget widget_rpwe_widget rpwe_widget recent-posts-extended panel-last-child\" data-index=\"1\" ><h3 class=\"widget-title\">Recent Posts<\/h3><div  class=\"rpwe-block\"><ul class=\"rpwe-ul\"><li class=\"rpwe-li rpwe-clearfix\"><a class=\"rpwe-img\" href=\"http:\/\/www.delphin-66.de\/wordpress\/segeltour-mit-den-enkelkindern\/\" target=\"_self\"><img class=\"rpwe-alignleft rpwe-thumb\" src=\"http:\/\/www.delphin-66.de\/wordpress\/wp-content\/uploads\/52-Wattwanderung-45x45.jpg\" alt=\"Segeltour mit den Enkelkindern\" height=\"45\" width=\"45\" loading=\"lazy\" decoding=\"async\"><\/a><h3 class=\"rpwe-title\"><a href=\"http:\/\/www.delphin-66.de\/wordpress\/segeltour-mit-den-enkelkindern\/\" target=\"_self\">Segeltour mit den Enkelkindern<\/a><\/h3><time class=\"rpwe-time published\" datetime=\"2018-01-16T08:32:00+02:00\">16. Januar 2018<\/time><\/li><li class=\"rpwe-li rpwe-clearfix\"><a class=\"rpwe-img\" href=\"http:\/\/www.delphin-66.de\/wordpress\/sommertour-2017-mit-der-antje\/\" target=\"_self\"><img class=\"rpwe-alignleft rpwe-thumb\" src=\"http:\/\/www.delphin-66.de\/wordpress\/wp-content\/uploads\/08-Fanoe-Hoch-trocken-1-e1512201354847-45x45.jpg\" alt=\"Sommertour 2017 mit der &#8222;Antje&#8220;\" height=\"45\" width=\"45\" loading=\"lazy\" decoding=\"async\"><\/a><h3 class=\"rpwe-title\"><a href=\"http:\/\/www.delphin-66.de\/wordpress\/sommertour-2017-mit-der-antje\/\" target=\"_self\">Sommertour 2017 mit der &#8222;Antje&#8220;<\/a><\/h3><time class=\"rpwe-time published\" datetime=\"2017-12-02T09:57:12+02:00\">2. Dezember 2017<\/time><\/li><\/ul><\/div><!-- Generated by http:\/\/wordpress.org\/plugins\/recent-posts-widget-extended\/ --><\/div><\/div><\/div><\/div>","protected":false},"excerpt":{"rendered":"<p>Pfingstmontag: Es ist sonnig und richtig hei\u00df.Weil der S\u00fcds\u00fcdwestwind recht schwach ist, starten wir schon um 14:00 Uhr anstatt 14:45 mit dem Hochwasser. Trotzdem: beim kleinen Kohn geht der Motor an, sonst treiben wir gegen die Tonne! Mit Segeln, Motorsegeln &hellip; <a href=\"http:\/\/www.delphin-66.de\/wordpress\/sommertour-2017-mit-der-antje\/\">Weiterlesen <span class=\"meta-nav\">&rarr;<\/span><\/a><\/p>\n","protected":false},"author":1,"featured_media":1364,"parent":393,"menu_order":0,"comment_status":"closed","ping_status":"closed","template":"","meta":[],"_links":{"self":[{"href":"http:\/\/www.delphin-66.de\/wordpress\/wp-json\/wp\/v2\/pages\/1493"}],"collection":[{"href":"http:\/\/www.delphin-66.de\/wordpress\/wp-json\/wp\/v2\/pages"}],"about":[{"href":"http:\/\/www.delphin-66.de\/wordpress\/wp-json\/wp\/v2\/types\/page"}],"author":[{"embeddable":true,"href":"http:\/\/www.delphin-66.de\/wordpress\/wp-json\/wp\/v2\/users\/1"}],"replies":[{"embeddable":true,"href":"http:\/\/www.delphin-66.de\/wordpress\/wp-json\/wp\/v2\/comments?post=1493"}],"version-history":[{"count":4,"href":"http:\/\/www.delphin-66.de\/wordpress\/wp-json\/wp\/v2\/pages\/1493\/revisions"}],"predecessor-version":[{"id":6308,"href":"http:\/\/www.delphin-66.de\/wordpress\/wp-json\/wp\/v2\/pages\/1493\/revisions\/6308"}],"up":[{"embeddable":true,"href":"http:\/\/www.delphin-66.de\/wordpress\/wp-json\/wp\/v2\/pages\/393"}],"wp:featuredmedia":[{"embeddable":true,"href":"http:\/\/www.delphin-66.de\/wordpress\/wp-json\/wp\/v2\/media\/1364"}],"wp:attachment":[{"href":"http:\/\/www.delphin-66.de\/wordpress\/wp-json\/wp\/v2\/media?parent=1493"}],"curies":[{"name":"wp","href":"https:\/\/api.w.org\/{rel}","templated":true}]}}