{"id":3071,"date":"2018-06-19T09:01:13","date_gmt":"2018-06-19T07:01:13","guid":{"rendered":"http:\/\/breuer.selfhost.de\/wordpress\/?page_id=3071"},"modified":"2018-07-13T07:28:06","modified_gmt":"2018-07-13T05:28:06","slug":"baunummer-44","status":"publish","type":"page","link":"http:\/\/www.delphin-66.de\/wordpress\/delphine\/baunummer-44\/","title":{"rendered":"Baunummer 44 &#8211; Pamasoto"},"content":{"rendered":"<div id=\"pl-3071\"  class=\"panel-layout\" ><div id=\"pg-3071-0\"  class=\"panel-grid panel-no-style\" ><div id=\"pgc-3071-0-0\"  class=\"panel-grid-cell\" ><div id=\"panel-3071-0-0-0\" class=\"so-panel widget widget_sow-editor panel-first-child panel-last-child\" data-index=\"0\" ><div\n\t\t\t\n\t\t\tclass=\"so-widget-sow-editor so-widget-sow-editor-base\"\n\t\t\t\n\t\t>\n<div class=\"siteorigin-widget-tinymce textwidget\">\n\t<table style=\"border-color: #545454; width: 991px; height: 240px; background-color: #b0b0b0;\">\n<tbody>\n<tr style=\"height: 27px;\">\n<td style=\"width: 160px; height: 27px; text-align: right;\"><strong>Baubeginn\/EW:<\/strong><\/td>\n<td style=\"width: 233.333px; height: 27px;\">1977<\/td>\n<td style=\"width: 565.667px; height: 27px;\">\u00a0<strong>Besonderheiten:<\/strong><\/td>\n<\/tr>\n<tr style=\"height: 27px;\">\n<td style=\"width: 160px; height: 27px; text-align: right;\"><strong>Bauwerft:<\/strong><\/td>\n<td style=\"width: 233.333px; height: 27px;\">\u00a0selbst ausgebaut<\/td>\n<td style=\"width: 565.667px; height: 162px; text-align: justify; vertical-align: top;\" rowspan=\"6\">\n<ul>\n<li>Kielversion mit 10 cm Deckserh\u00f6hung<\/li>\n<li>Solimar-Steuers\u00e4ule mit Kompass und Holzsteuerrad und Klapptisch<\/li>\n<li>innen und Au\u00dfen mit Teakholz<\/li>\n<\/ul>\n<p>Ausstattung:<\/p>\n<ul>\n<li>Topp-Rollreffanlage<\/li>\n<li>Gro\u00dfsegel und Genua<\/li>\n<li>Batterieladeger\u00e4t Philippi Automatik - f\u00fcr zwei Batterien<\/li>\n<li>2 Hacken Zweigang-Winschen<\/li>\n<li>Wallas Petroleum-Heizung 1800B<\/li>\n<li>UKW-Seefunkanlage DEBEG<\/li>\n<li>Dometic-Spiritus-Kocher zweiflammig ORIGO 3000<\/li>\n<li>GROCO-Pump-WC<\/li>\n<li>WEACO-K\u00fchlbox<\/li>\n<li>Sprayhood und Kuchenbude<\/li>\n<li>VDO-Seekartenplotter MAP11 CSE Plus GPS<\/li>\n<li>2 Anker mit Nirokettenvorl\u00e4ufer + Leinen<\/li>\n<li>Heck- und Bug-Badeleiter<\/li>\n<\/ul>\n<p>&nbsp;<\/p>\n<\/td>\n<\/tr>\n<tr style=\"height: 27px;\">\n<td style=\"width: 160px; height: 27px; text-align: right;\"><strong>Liegeplatz:<\/strong><\/td>\n<td style=\"width: 233.333px; height: 27px;\">Wedel<\/td>\n<\/tr>\n<tr style=\"height: 27px;\">\n<td style=\"width: 160px; height: 27px; text-align: right;\"><strong>Verein:<\/strong><\/td>\n<td style=\"width: 233.333px; height: 27px;\"><\/td>\n<\/tr>\n<tr style=\"height: 27px;\">\n<td style=\"width: 160px; height: 27px; text-align: right;\"><strong>Rigg:<\/strong><\/td>\n<td style=\"width: 233.333px; height: 27px;\">\u00a0Holzrigg<\/td>\n<\/tr>\n<tr style=\"height: 27px;\">\n<td style=\"width: 160px; height: 27px; text-align: right;\"><strong>Motor:<\/strong><\/td>\n<td style=\"width: 233.333px; height: 27px;\">\u00a04 Zyl. Nanni (NK 4.150 HE 36 PS<\/td>\n<\/tr>\n<tr style=\"height: 27px;\">\n<td style=\"width: 160px; height: 27px; text-align: right;\"><strong>Ruderanlage:<\/strong><\/td>\n<td style=\"width: 233.333px; height: 27px;\"><\/td>\n<\/tr>\n<\/tbody>\n<\/table>\n<p>&nbsp;<\/p>\n<\/div>\n<\/div><\/div><\/div><\/div><div id=\"pg-3071-1\"  class=\"panel-grid panel-no-style\" ><div id=\"pgc-3071-1-0\"  class=\"panel-grid-cell\" ><div id=\"panel-3071-1-0-0\" class=\"so-panel widget widget_sow-editor panel-first-child panel-last-child\" data-index=\"1\" ><div\n\t\t\t\n\t\t\tclass=\"so-widget-sow-editor so-widget-sow-editor-base\"\n\t\t\t\n\t\t>\n<div class=\"siteorigin-widget-tinymce textwidget\">\n\t<p><strong>Der Delphin 66 mit der Baunummer 44 sucht einen neuen Skipper!<\/strong><\/p>\n<p style=\"text-align: center;\"><strong><span style=\"font-size: 14pt;\">VHB 15.000\u20ac<\/span><\/strong><\/p>\n<p>Herr Jan-Peter Schr\u00f6der: 040 \/ 732 53 12 - 0176 \/ 51 21 47 31<\/p>\n<\/div>\n<\/div><\/div><\/div><div id=\"pgc-3071-1-1\"  class=\"panel-grid-cell\" ><div id=\"panel-3071-1-1-0\" class=\"so-panel widget widget_sow-editor panel-first-child panel-last-child\" data-index=\"2\" ><div\n\t\t\t\n\t\t\tclass=\"so-widget-sow-editor so-widget-sow-editor-base\"\n\t\t\t\n\t\t>\n<div class=\"siteorigin-widget-tinymce textwidget\">\n\t<p><a href=\"http:\/\/breuer.selfhost.de\/wordpress\/wp-content\/uploads\/IMG_20180526_120411105.jpg\"><img loading=\"lazy\" class=\"alignnone wp-image-3107 size-medium\" src=\"http:\/\/breuer.selfhost.de\/wordpress\/wp-content\/uploads\/IMG_20180526_120411105-300x169.jpg\" alt=\"\" width=\"300\" height=\"169\" srcset=\"http:\/\/www.delphin-66.de\/wordpress\/wp-content\/uploads\/IMG_20180526_120411105-300x169.jpg 300w, http:\/\/www.delphin-66.de\/wordpress\/wp-content\/uploads\/IMG_20180526_120411105.jpg 800w, http:\/\/www.delphin-66.de\/wordpress\/wp-content\/uploads\/IMG_20180526_120411105-500x281.jpg 500w\" sizes=\"(max-width: 300px) 100vw, 300px\" \/><\/a><\/p>\n<\/div>\n<\/div><\/div><\/div><\/div><div id=\"pg-3071-2\"  class=\"panel-grid panel-no-style\" ><div id=\"pgc-3071-2-0\"  class=\"panel-grid-cell\" ><div id=\"panel-3071-2-0-0\" class=\"so-panel widget widget_sow-editor panel-first-child panel-last-child\" data-index=\"3\" ><div\n\t\t\t\n\t\t\tclass=\"so-widget-sow-editor so-widget-sow-editor-base\"\n\t\t\t\n\t\t>\n<div class=\"siteorigin-widget-tinymce textwidget\">\n\t<p><a href=\"http:\/\/breuer.selfhost.de\/wordpress\/wp-content\/uploads\/IMG_20180526_120430282.jpg\"><img loading=\"lazy\" class=\"alignnone wp-image-3108 size-medium\" src=\"http:\/\/breuer.selfhost.de\/wordpress\/wp-content\/uploads\/IMG_20180526_120430282-300x169.jpg\" alt=\"\" width=\"300\" height=\"169\" srcset=\"http:\/\/www.delphin-66.de\/wordpress\/wp-content\/uploads\/IMG_20180526_120430282-300x169.jpg 300w, http:\/\/www.delphin-66.de\/wordpress\/wp-content\/uploads\/IMG_20180526_120430282-800x450.jpg 800w, http:\/\/www.delphin-66.de\/wordpress\/wp-content\/uploads\/IMG_20180526_120430282-500x281.jpg 500w, http:\/\/www.delphin-66.de\/wordpress\/wp-content\/uploads\/IMG_20180526_120430282.jpg 1280w\" sizes=\"(max-width: 300px) 100vw, 300px\" \/><\/a><\/p>\n<\/div>\n<\/div><\/div><\/div><div id=\"pgc-3071-2-1\"  class=\"panel-grid-cell\" ><div id=\"panel-3071-2-1-0\" class=\"so-panel widget widget_sow-editor panel-first-child panel-last-child\" data-index=\"4\" ><div\n\t\t\t\n\t\t\tclass=\"so-widget-sow-editor so-widget-sow-editor-base\"\n\t\t\t\n\t\t>\n<div class=\"siteorigin-widget-tinymce textwidget\">\n\t<p><a href=\"http:\/\/breuer.selfhost.de\/wordpress\/wp-content\/uploads\/Papa-Kamera-07.2017-455.jpg\"><img loading=\"lazy\" class=\"alignnone wp-image-3114 size-medium\" src=\"http:\/\/breuer.selfhost.de\/wordpress\/wp-content\/uploads\/Papa-Kamera-07.2017-455-300x225.jpg\" alt=\"\" width=\"300\" height=\"225\" srcset=\"http:\/\/www.delphin-66.de\/wordpress\/wp-content\/uploads\/Papa-Kamera-07.2017-455-300x225.jpg 300w, http:\/\/www.delphin-66.de\/wordpress\/wp-content\/uploads\/Papa-Kamera-07.2017-455-800x600.jpg 800w, http:\/\/www.delphin-66.de\/wordpress\/wp-content\/uploads\/Papa-Kamera-07.2017-455-400x300.jpg 400w, http:\/\/www.delphin-66.de\/wordpress\/wp-content\/uploads\/Papa-Kamera-07.2017-455.jpg 1280w\" sizes=\"(max-width: 300px) 100vw, 300px\" \/><\/a><\/p>\n<\/div>\n<\/div><\/div><\/div><\/div><div id=\"pg-3071-3\"  class=\"panel-grid panel-no-style\" ><div id=\"pgc-3071-3-0\"  class=\"panel-grid-cell\" ><div id=\"panel-3071-3-0-0\" class=\"so-panel widget widget_sow-editor panel-first-child panel-last-child\" data-index=\"5\" ><div\n\t\t\t\n\t\t\tclass=\"so-widget-sow-editor so-widget-sow-editor-base\"\n\t\t\t\n\t\t>\n<div class=\"siteorigin-widget-tinymce textwidget\">\n\t<p><a href=\"http:\/\/breuer.selfhost.de\/wordpress\/wp-content\/uploads\/Papa-Kamera-07.2017-204.jpg\"><img loading=\"lazy\" class=\"alignnone wp-image-3112 size-medium\" src=\"http:\/\/breuer.selfhost.de\/wordpress\/wp-content\/uploads\/Papa-Kamera-07.2017-204-300x225.jpg\" alt=\"\" width=\"300\" height=\"225\" srcset=\"http:\/\/www.delphin-66.de\/wordpress\/wp-content\/uploads\/Papa-Kamera-07.2017-204-300x225.jpg 300w, http:\/\/www.delphin-66.de\/wordpress\/wp-content\/uploads\/Papa-Kamera-07.2017-204-800x600.jpg 800w, http:\/\/www.delphin-66.de\/wordpress\/wp-content\/uploads\/Papa-Kamera-07.2017-204-400x300.jpg 400w, http:\/\/www.delphin-66.de\/wordpress\/wp-content\/uploads\/Papa-Kamera-07.2017-204.jpg 1024w\" sizes=\"(max-width: 300px) 100vw, 300px\" \/><\/a><\/p>\n<\/div>\n<\/div><\/div><\/div><div id=\"pgc-3071-3-1\"  class=\"panel-grid-cell\" ><div id=\"panel-3071-3-1-0\" class=\"so-panel widget widget_sow-editor panel-first-child panel-last-child\" data-index=\"6\" ><div\n\t\t\t\n\t\t\tclass=\"so-widget-sow-editor so-widget-sow-editor-base\"\n\t\t\t\n\t\t>\n<div class=\"siteorigin-widget-tinymce textwidget\">\n\t<\/div>\n<\/div><\/div><\/div><\/div><div id=\"pg-3071-4\"  class=\"panel-grid panel-no-style\" ><div id=\"pgc-3071-4-0\"  class=\"panel-grid-cell\" ><div id=\"panel-3071-4-0-0\" class=\"so-panel widget widget_sow-editor panel-first-child panel-last-child\" data-index=\"7\" ><div\n\t\t\t\n\t\t\tclass=\"so-widget-sow-editor so-widget-sow-editor-base\"\n\t\t\t\n\t\t>\n<div class=\"siteorigin-widget-tinymce textwidget\">\n\t<p><a href=\"http:\/\/breuer.selfhost.de\/wordpress\/wp-content\/uploads\/Papa-Kamera-07.2017-307.jpg\"><img loading=\"lazy\" class=\"alignnone wp-image-3113 size-medium\" src=\"http:\/\/breuer.selfhost.de\/wordpress\/wp-content\/uploads\/Papa-Kamera-07.2017-307-300x225.jpg\" alt=\"\" width=\"300\" height=\"225\" srcset=\"http:\/\/www.delphin-66.de\/wordpress\/wp-content\/uploads\/Papa-Kamera-07.2017-307-300x225.jpg 300w, http:\/\/www.delphin-66.de\/wordpress\/wp-content\/uploads\/Papa-Kamera-07.2017-307-800x600.jpg 800w, http:\/\/www.delphin-66.de\/wordpress\/wp-content\/uploads\/Papa-Kamera-07.2017-307-400x300.jpg 400w, http:\/\/www.delphin-66.de\/wordpress\/wp-content\/uploads\/Papa-Kamera-07.2017-307.jpg 1024w\" sizes=\"(max-width: 300px) 100vw, 300px\" \/><\/a><\/p>\n<\/div>\n<\/div><\/div><\/div><div id=\"pgc-3071-4-1\"  class=\"panel-grid-cell\" ><div id=\"panel-3071-4-1-0\" class=\"so-panel widget widget_sow-editor panel-first-child panel-last-child\" data-index=\"8\" ><div\n\t\t\t\n\t\t\tclass=\"so-widget-sow-editor so-widget-sow-editor-base\"\n\t\t\t\n\t\t>\n<div class=\"siteorigin-widget-tinymce textwidget\">\n\t<p><a href=\"http:\/\/breuer.selfhost.de\/wordpress\/wp-content\/uploads\/Papa-Kamera-07.2017-158.jpg\"><img loading=\"lazy\" class=\"alignnone wp-image-3110 size-medium\" src=\"http:\/\/breuer.selfhost.de\/wordpress\/wp-content\/uploads\/Papa-Kamera-07.2017-158-300x225.jpg\" alt=\"\" width=\"300\" height=\"225\" srcset=\"http:\/\/www.delphin-66.de\/wordpress\/wp-content\/uploads\/Papa-Kamera-07.2017-158-300x225.jpg 300w, http:\/\/www.delphin-66.de\/wordpress\/wp-content\/uploads\/Papa-Kamera-07.2017-158-800x600.jpg 800w, http:\/\/www.delphin-66.de\/wordpress\/wp-content\/uploads\/Papa-Kamera-07.2017-158-400x300.jpg 400w, http:\/\/www.delphin-66.de\/wordpress\/wp-content\/uploads\/Papa-Kamera-07.2017-158.jpg 1024w\" sizes=\"(max-width: 300px) 100vw, 300px\" \/><\/a><\/p>\n<\/div>\n<\/div><\/div><\/div><\/div><\/div>","protected":false},"excerpt":{"rendered":"<p>Baubeginn\/EW: 1977 \u00a0Besonderheiten: Bauwerft: \u00a0selbst ausgebaut Kielversion mit 10 cm Deckserh\u00f6hung Solimar-Steuers\u00e4ule mit Kompass und Holzsteuerrad und Klapptisch innen und Au\u00dfen mit Teakholz Ausstattung: Topp-Rollreffanlage Gro\u00dfsegel und Genua Batterieladeger\u00e4t Philippi Automatik &#8211; f\u00fcr zwei Batterien 2 Hacken Zweigang-Winschen Wallas Petroleum-Heizung &hellip; <a href=\"http:\/\/www.delphin-66.de\/wordpress\/delphine\/baunummer-44\/\">Weiterlesen <span class=\"meta-nav\">&rarr;<\/span><\/a><\/p>\n","protected":false},"author":1,"featured_media":3069,"parent":20,"menu_order":44,"comment_status":"closed","ping_status":"closed","template":"","meta":[],"_links":{"self":[{"href":"http:\/\/www.delphin-66.de\/wordpress\/wp-json\/wp\/v2\/pages\/3071"}],"collection":[{"href":"http:\/\/www.delphin-66.de\/wordpress\/wp-json\/wp\/v2\/pages"}],"about":[{"href":"http:\/\/www.delphin-66.de\/wordpress\/wp-json\/wp\/v2\/types\/page"}],"author":[{"embeddable":true,"href":"http:\/\/www.delphin-66.de\/wordpress\/wp-json\/wp\/v2\/users\/1"}],"replies":[{"embeddable":true,"href":"http:\/\/www.delphin-66.de\/wordpress\/wp-json\/wp\/v2\/comments?post=3071"}],"version-history":[{"count":13,"href":"http:\/\/www.delphin-66.de\/wordpress\/wp-json\/wp\/v2\/pages\/3071\/revisions"}],"predecessor-version":[{"id":3120,"href":"http:\/\/www.delphin-66.de\/wordpress\/wp-json\/wp\/v2\/pages\/3071\/revisions\/3120"}],"up":[{"embeddable":true,"href":"http:\/\/www.delphin-66.de\/wordpress\/wp-json\/wp\/v2\/pages\/20"}],"wp:featuredmedia":[{"embeddable":true,"href":"http:\/\/www.delphin-66.de\/wordpress\/wp-json\/wp\/v2\/media\/3069"}],"wp:attachment":[{"href":"http:\/\/www.delphin-66.de\/wordpress\/wp-json\/wp\/v2\/media?parent=3071"}],"curies":[{"name":"wp","href":"https:\/\/api.w.org\/{rel}","templated":true}]}}