{"id":8074,"date":"2025-07-09T08:41:28","date_gmt":"2025-07-09T06:41:28","guid":{"rendered":"https:\/\/www.delphin-66.de\/wordpress\/?page_id=8074"},"modified":"2025-07-09T08:41:38","modified_gmt":"2025-07-09T06:41:38","slug":"baunummer-8-harmonie","status":"publish","type":"page","link":"http:\/\/www.delphin-66.de\/wordpress\/baunummer-8-harmonie\/","title":{"rendered":"Baunummer 8 &#8211; Harmonie"},"content":{"rendered":"\n<div class=\"wp-block-columns\">\n<div class=\"wp-block-column\" style=\"flex-basis:100%\">\n<div class=\"wp-block-columns\">\n<div class=\"wp-block-column\" style=\"flex-basis:50%\">\n<p><strong>Technische Daten:<\/strong><br \/>Hersteller: Einzelwerftbau von einer Werft an der Weser<br \/>Baujahr: 1972, Baunummer 8<br \/>Kielausf\u00fchrung: Ausf\u00fchrung mit Kielschwert, Tiefe 1,10m &#8211; 1,90 m, Kielschwertkasten ist oben geschlossen<br \/>Steuerung: Pinnensteuerung<br \/>Decksbelag: Rutschfester Kunststoff mit Noppen<br \/>Mast- und Baumqualit\u00e4t: Aluminium, messingfarben<br \/>Besegelung: Gelattetes Gro\u00dfsegel, 24 m\u00b2, Rollfockanlage mit 22 m\u00b2 Focksegel, Genuasegel mit 26 m\u00b2 <br \/>Motor: Mercedes OM 636 mit 36 PS, Zweikreissystem<br \/>Verwendetes Holz: Plichtausbau und Innenausbau mit Teakholz<br \/>Verf\u00fcgbarer Platz: 4 Schlafpl\u00e4tze, ansonsten Platz f\u00fcr sechs Personen<br \/>Das Boot wurde durch eine Werft gewartet und stets in Stand gehalten<br \/>Das Boot stand jeden Winter in einer Halle<br \/>Es ist ein Liebhaberboot und wird aus Altersgr\u00fcnden verkauft<br \/><br \/><strong>Erneut wurde in den letzten Jahren<\/strong>:<\/p>\n\n\n\n<ul id=\"block-b29f272d-a48b-460e-b4ad-51ea0f4cbac2\"><li>Unterwasserschiff Osmosebehandlung<\/li><li>Alle Seeventile<\/li><li>Alle Gasleitungen<\/li><li>Dieseltank 90 Liter<\/li><li>Motorbedienelement und Z\u00fcndschloss<\/li><li>Elektroverkabelung, Batterien Hauptschalter, Elektrowandler<\/li><li>Autopilot an der Pinne<\/li><li>Tiefenmesser, Logge, Windmessanlage und Kartenplotter<\/li><li>Funkger\u00e4t mit Funkantenne<\/li><li>Alle Wanten<\/li><li>Gesamte Mastelektrik mit Deckstecker<\/li><li>Kuchenbude und Lazy Jack System<\/li><li>Toilettenraum und F\u00e4kalientank<\/li><\/ul>\n\n\n\n<figure class=\"wp-block-image size-large is-resized\"><img loading=\"lazy\" src=\"http:\/\/www.delphin-66.de\/wordpress\/wp-content\/uploads\/IMG_2398-2-800x600.jpg\" alt=\"\" class=\"wp-image-8090\" width=\"197\" height=\"150\"\/><\/figure>\n\n\n\n<figure class=\"wp-block-image size-full\"><a href=\"https:\/\/www.delphin-66.de\/wordpress\/wp-content\/uploads\/DSC_0721.jpg\"><img loading=\"lazy\" width=\"800\" height=\"450\" src=\"http:\/\/www.delphin-66.de\/wordpress\/wp-content\/uploads\/DSC_0721.jpg\" alt=\"\" class=\"wp-image-8087\" srcset=\"http:\/\/www.delphin-66.de\/wordpress\/wp-content\/uploads\/DSC_0721.jpg 800w, http:\/\/www.delphin-66.de\/wordpress\/wp-content\/uploads\/DSC_0721-300x169.jpg 300w, http:\/\/www.delphin-66.de\/wordpress\/wp-content\/uploads\/DSC_0721-500x281.jpg 500w\" sizes=\"(max-width: 800px) 100vw, 800px\" \/><\/a><\/figure>\n\n\n\n<figure class=\"wp-block-image size-large\"><a href=\"https:\/\/www.delphin-66.de\/wordpress\/wp-content\/uploads\/DSC_0199-1.jpg\"><img loading=\"lazy\" width=\"800\" height=\"450\" src=\"http:\/\/www.delphin-66.de\/wordpress\/wp-content\/uploads\/DSC_0199-1-800x450.jpg\" alt=\"\" class=\"wp-image-8086\" srcset=\"http:\/\/www.delphin-66.de\/wordpress\/wp-content\/uploads\/DSC_0199-1-800x450.jpg 800w, http:\/\/www.delphin-66.de\/wordpress\/wp-content\/uploads\/DSC_0199-1-300x169.jpg 300w, http:\/\/www.delphin-66.de\/wordpress\/wp-content\/uploads\/DSC_0199-1-500x281.jpg 500w, http:\/\/www.delphin-66.de\/wordpress\/wp-content\/uploads\/DSC_0199-1.jpg 1024w\" sizes=\"(max-width: 800px) 100vw, 800px\" \/><\/a><\/figure>\n\n\n\n<figure class=\"wp-block-image size-large\"><a href=\"https:\/\/www.delphin-66.de\/wordpress\/wp-content\/uploads\/1525.jpg\"><img loading=\"lazy\" width=\"800\" height=\"600\" src=\"http:\/\/www.delphin-66.de\/wordpress\/wp-content\/uploads\/1525-800x600.jpg\" alt=\"\" class=\"wp-image-8085\" srcset=\"http:\/\/www.delphin-66.de\/wordpress\/wp-content\/uploads\/1525-800x600.jpg 800w, http:\/\/www.delphin-66.de\/wordpress\/wp-content\/uploads\/1525-300x225.jpg 300w, http:\/\/www.delphin-66.de\/wordpress\/wp-content\/uploads\/1525-400x300.jpg 400w, http:\/\/www.delphin-66.de\/wordpress\/wp-content\/uploads\/1525.jpg 1024w\" sizes=\"(max-width: 800px) 100vw, 800px\" \/><\/a><\/figure>\n<\/div>\n\n\n\n<div class=\"wp-block-column\" style=\"flex-basis:50%\">\n<figure class=\"wp-block-image size-large\"><a href=\"https:\/\/www.delphin-66.de\/wordpress\/wp-content\/uploads\/034-1.jpg\"><img loading=\"lazy\" width=\"800\" height=\"600\" src=\"https:\/\/www.delphin-66.de\/wordpress\/wp-content\/uploads\/034-1-800x600.jpg\" alt=\"\" class=\"wp-image-8078\" srcset=\"http:\/\/www.delphin-66.de\/wordpress\/wp-content\/uploads\/034-1-800x600.jpg 800w, http:\/\/www.delphin-66.de\/wordpress\/wp-content\/uploads\/034-1-300x225.jpg 300w, http:\/\/www.delphin-66.de\/wordpress\/wp-content\/uploads\/034-1-400x300.jpg 400w, http:\/\/www.delphin-66.de\/wordpress\/wp-content\/uploads\/034-1.jpg 1024w\" sizes=\"(max-width: 800px) 100vw, 800px\" \/><\/a><\/figure>\n\n\n\n<figure class=\"wp-block-image size-large is-resized\"><a href=\"https:\/\/www.delphin-66.de\/wordpress\/wp-content\/uploads\/068-2.jpg\"><img loading=\"lazy\" src=\"https:\/\/www.delphin-66.de\/wordpress\/wp-content\/uploads\/068-2-600x800.jpg\" alt=\"\" class=\"wp-image-8079\" width=\"213\" height=\"290\"\/><\/a><\/figure>\n\n\n\n<figure class=\"wp-block-image size-large is-resized\"><a href=\"https:\/\/www.delphin-66.de\/wordpress\/wp-content\/uploads\/076-2.jpg\"><img loading=\"lazy\" src=\"http:\/\/www.delphin-66.de\/wordpress\/wp-content\/uploads\/076-2-600x800.jpg\" alt=\"\" class=\"wp-image-8080\" width=\"231\" height=\"313\"\/><\/a><\/figure>\n\n\n\n<figure class=\"wp-block-image size-large is-resized\"><a href=\"https:\/\/www.delphin-66.de\/wordpress\/wp-content\/uploads\/109-2.jpg\"><img loading=\"lazy\" src=\"http:\/\/www.delphin-66.de\/wordpress\/wp-content\/uploads\/109-2-800x599.jpg\" alt=\"\" class=\"wp-image-8081\" width=\"212\" height=\"160\" srcset=\"http:\/\/www.delphin-66.de\/wordpress\/wp-content\/uploads\/109-2-800x599.jpg 800w, http:\/\/www.delphin-66.de\/wordpress\/wp-content\/uploads\/109-2-300x225.jpg 300w, http:\/\/www.delphin-66.de\/wordpress\/wp-content\/uploads\/109-2-401x300.jpg 401w, http:\/\/www.delphin-66.de\/wordpress\/wp-content\/uploads\/109-2.jpg 1024w\" sizes=\"(max-width: 212px) 100vw, 212px\" \/><\/a><\/figure>\n\n\n\n<figure class=\"wp-block-image size-large is-resized\"><a href=\"https:\/\/www.delphin-66.de\/wordpress\/wp-content\/uploads\/145-2.jpg\"><img loading=\"lazy\" src=\"http:\/\/www.delphin-66.de\/wordpress\/wp-content\/uploads\/145-2-600x800.jpg\" alt=\"\" class=\"wp-image-8082\" width=\"212\" height=\"289\"\/><\/a><\/figure>\n\n\n\n<figure class=\"wp-block-image size-large\"><a href=\"https:\/\/www.delphin-66.de\/wordpress\/wp-content\/uploads\/147-2.jpg\"><img loading=\"lazy\" width=\"600\" height=\"800\" src=\"http:\/\/www.delphin-66.de\/wordpress\/wp-content\/uploads\/147-2-600x800.jpg\" alt=\"\" class=\"wp-image-8083\" srcset=\"http:\/\/www.delphin-66.de\/wordpress\/wp-content\/uploads\/147-2-600x800.jpg 600w, http:\/\/www.delphin-66.de\/wordpress\/wp-content\/uploads\/147-2-225x300.jpg 225w, http:\/\/www.delphin-66.de\/wordpress\/wp-content\/uploads\/147-2.jpg 1024w\" sizes=\"(max-width: 600px) 100vw, 600px\" \/><\/a><\/figure>\n<\/div>\n<\/div>\n<\/div>\n<\/div>\n\n\n\n<p><\/p>\n","protected":false},"excerpt":{"rendered":"<p>Technische Daten:Hersteller: Einzelwerftbau von einer Werft an der WeserBaujahr: 1972, Baunummer 8Kielausf\u00fchrung: Ausf\u00fchrung mit Kielschwert, Tiefe 1,10m &#8211; 1,90 m, Kielschwertkasten ist oben geschlossenSteuerung: PinnensteuerungDecksbelag: Rutschfester Kunststoff mit NoppenMast- und Baumqualit\u00e4t: Aluminium, messingfarbenBesegelung: Gelattetes Gro\u00dfsegel, 24 m\u00b2, Rollfockanlage mit 22 &hellip; <a href=\"http:\/\/www.delphin-66.de\/wordpress\/baunummer-8-harmonie\/\">Weiterlesen <span class=\"meta-nav\">&rarr;<\/span><\/a><\/p>\n","protected":false},"author":1,"featured_media":8076,"parent":0,"menu_order":0,"comment_status":"closed","ping_status":"closed","template":"","meta":[],"_links":{"self":[{"href":"http:\/\/www.delphin-66.de\/wordpress\/wp-json\/wp\/v2\/pages\/8074"}],"collection":[{"href":"http:\/\/www.delphin-66.de\/wordpress\/wp-json\/wp\/v2\/pages"}],"about":[{"href":"http:\/\/www.delphin-66.de\/wordpress\/wp-json\/wp\/v2\/types\/page"}],"author":[{"embeddable":true,"href":"http:\/\/www.delphin-66.de\/wordpress\/wp-json\/wp\/v2\/users\/1"}],"replies":[{"embeddable":true,"href":"http:\/\/www.delphin-66.de\/wordpress\/wp-json\/wp\/v2\/comments?post=8074"}],"version-history":[{"count":4,"href":"http:\/\/www.delphin-66.de\/wordpress\/wp-json\/wp\/v2\/pages\/8074\/revisions"}],"predecessor-version":[{"id":8092,"href":"http:\/\/www.delphin-66.de\/wordpress\/wp-json\/wp\/v2\/pages\/8074\/revisions\/8092"}],"wp:featuredmedia":[{"embeddable":true,"href":"http:\/\/www.delphin-66.de\/wordpress\/wp-json\/wp\/v2\/media\/8076"}],"wp:attachment":[{"href":"http:\/\/www.delphin-66.de\/wordpress\/wp-json\/wp\/v2\/media?parent=8074"}],"curies":[{"name":"wp","href":"https:\/\/api.w.org\/{rel}","templated":true}]}}